{"id":1354,"date":"2022-04-27T13:02:49","date_gmt":"2022-04-27T11:02:49","guid":{"rendered":"https:\/\/noemiecedille.fr\/shop\/?post_type=product&#038;p=1354"},"modified":"2024-03-23T18:58:55","modified_gmt":"2024-03-23T17:58:55","slug":"affiche-printemps-bleu-50x70","status":"publish","type":"product","link":"http:\/\/noemiecedille.fr\/shop\/produit\/affiche-printemps-bleu-50x70\/","title":{"rendered":"Affiche Printemps Bleu 50&#215;70"},"content":{"rendered":"<p>Format 50 x 70 cm.<br \/>\nTirage \u00e0 encres pigmentaires sur papier Hahnem\u00fchle 100% coton, 300 g\/m\u00b2.<br \/>\n\u00c9dition sign\u00e9e.<\/p>\n<p>Prix TTC.<\/p>\n<p>Remise en main propre \u00e0 Bordeaux possible.<br \/>\nMe contacter par email.<\/p>\n","protected":false},"excerpt":{"rendered":"<p>Format 50 x 70 cm.<br \/>\nTirage \u00e0 encres pigmentaires sur papier Hahnem\u00fchle 100% coton, 300 g\/m\u00b2.<br \/>\n\u00c9dition limit\u00e9e \u00e0 50 exemplaires, num\u00e9rot\u00e9s et sign\u00e9s.<\/p>\n<p>Prix TTC.<\/p>\n<p>Remise en main propre \u00e0 Bordeaux possible.<br \/>\nMe contacter par email.<\/p>\n","protected":false},"featured_media":1352,"template":"","meta":{"jetpack_post_was_ever_published":false,"jetpack_publicize_message":"","jetpack_is_tweetstorm":false,"jetpack_publicize_feature_enabled":true,"jetpack_social_post_already_shared":true,"jetpack_social_options":{"image_generator_settings":{"template":"highway","enabled":false}}},"product_cat":[48],"product_tag":[65,57,66,59,67],"class_list":["post-1354","product","type-product","status-publish","has-post-thumbnail","hentry","product_cat-affiches","product_tag-50x70","product_tag-affiche","product_tag-fleur","product_tag-illustration","product_tag-printemps","product_shipping_class-affiches"],"jetpack_publicize_connections":[],"jetpack_sharing_enabled":true,"_links":{"self":[{"href":"http:\/\/noemiecedille.fr\/shop\/wp-json\/wp\/v2\/product\/1354"}],"collection":[{"href":"http:\/\/noemiecedille.fr\/shop\/wp-json\/wp\/v2\/product"}],"about":[{"href":"http:\/\/noemiecedille.fr\/shop\/wp-json\/wp\/v2\/types\/product"}],"wp:featuredmedia":[{"embeddable":true,"href":"http:\/\/noemiecedille.fr\/shop\/wp-json\/wp\/v2\/media\/1352"}],"wp:attachment":[{"href":"http:\/\/noemiecedille.fr\/shop\/wp-json\/wp\/v2\/media?parent=1354"}],"wp:term":[{"taxonomy":"product_cat","embeddable":true,"href":"http:\/\/noemiecedille.fr\/shop\/wp-json\/wp\/v2\/product_cat?post=1354"},{"taxonomy":"product_tag","embeddable":true,"href":"http:\/\/noemiecedille.fr\/shop\/wp-json\/wp\/v2\/product_tag?post=1354"}],"curies":[{"name":"wp","href":"https:\/\/api.w.org\/{rel}","templated":true}]}}