{"id":1144,"date":"2019-04-17T16:31:03","date_gmt":"2019-04-17T14:31:03","guid":{"rendered":"http:\/\/noemiecedille.fr\/shop\/?post_type=product&#038;p=1144"},"modified":"2024-03-23T18:59:06","modified_gmt":"2024-03-23T17:59:06","slug":"affiche-spring-30x40-2","status":"publish","type":"product","link":"http:\/\/noemiecedille.fr\/shop\/produit\/affiche-spring-30x40-2\/","title":{"rendered":"Affiche Spring 30&#215;40"},"content":{"rendered":"<p>Format 30 x 40 cm.<br \/>\nTirage \u00e0 encres pigmentaires sur papier Innova IFA22 100% coton, 315gr, qualit\u00e9 archive.<br \/>\n\u00c9dition sign\u00e9e.<\/p>\n<p>Prix TTC.<\/p>\n<p>Remise en main propre \u00e0 Bordeaux et paiement en direct possible.<br \/>\nMe contacter par email.<\/p>\n","protected":false},"excerpt":{"rendered":"<p>Format 30 x 40 cm.<br \/>\nTirage \u00e0 encres pigmentaires<br \/>\nsur papier Innova IFA22 100% coton, 315gr,<br \/>\nqualit\u00e9 archive.<br \/>\n\u00c9dition limit\u00e9e \u00e0 50 exemplaires,<br \/>\nnum\u00e9rot\u00e9s et sign\u00e9s.<\/p>\n<p>Prix TTC.<\/p>\n<p>Remise en main propre \u00e0 Bordeaux et paiement en direct possible.<br \/>\nMe contacter par email.<\/p>\n","protected":false},"featured_media":1288,"template":"","meta":{"jetpack_post_was_ever_published":false,"jetpack_publicize_message":"","jetpack_is_tweetstorm":false,"jetpack_publicize_feature_enabled":true,"jetpack_social_post_already_shared":true,"jetpack_social_options":{"image_generator_settings":{"template":"highway","enabled":false}}},"product_cat":[48],"product_tag":[61,57,66,59,68,78],"class_list":["post-1144","product","type-product","status-publish","has-post-thumbnail","hentry","product_cat-affiches","product_tag-30x40","product_tag-affiche","product_tag-fleur","product_tag-illustration","product_tag-plants","product_tag-vegetal","product_shipping_class-affiches"],"jetpack_publicize_connections":[],"jetpack_sharing_enabled":true,"_links":{"self":[{"href":"http:\/\/noemiecedille.fr\/shop\/wp-json\/wp\/v2\/product\/1144"}],"collection":[{"href":"http:\/\/noemiecedille.fr\/shop\/wp-json\/wp\/v2\/product"}],"about":[{"href":"http:\/\/noemiecedille.fr\/shop\/wp-json\/wp\/v2\/types\/product"}],"wp:featuredmedia":[{"embeddable":true,"href":"http:\/\/noemiecedille.fr\/shop\/wp-json\/wp\/v2\/media\/1288"}],"wp:attachment":[{"href":"http:\/\/noemiecedille.fr\/shop\/wp-json\/wp\/v2\/media?parent=1144"}],"wp:term":[{"taxonomy":"product_cat","embeddable":true,"href":"http:\/\/noemiecedille.fr\/shop\/wp-json\/wp\/v2\/product_cat?post=1144"},{"taxonomy":"product_tag","embeddable":true,"href":"http:\/\/noemiecedille.fr\/shop\/wp-json\/wp\/v2\/product_tag?post=1144"}],"curies":[{"name":"wp","href":"https:\/\/api.w.org\/{rel}","templated":true}]}}