{"id":1140,"date":"2019-04-17T15:54:17","date_gmt":"2019-04-17T13:54:17","guid":{"rendered":"http:\/\/noemiecedille.fr\/shop\/?post_type=product&#038;p=1140"},"modified":"2024-03-23T18:59:14","modified_gmt":"2024-03-23T17:59:14","slug":"affiche-spring-30x40","status":"publish","type":"product","link":"http:\/\/noemiecedille.fr\/shop\/produit\/affiche-spring-30x40\/","title":{"rendered":"Affiche Spring 30&#215;40"},"content":{"rendered":"<p>Format 30 x 40 cm.<br \/>\nTirage \u00e0 encres pigmentaires sur papier Innova IFA22 100% coton, 315gr, qualit\u00e9 archive.<br \/>\n\u00c9dition sign\u00e9e.<\/p>\n<p>Prix TTC.<\/p>\n<p>Remise en main propre \u00e0 Bordeaux et paiement en direct possible.<br \/>\nMe contacter par email.<\/p>\n","protected":false},"excerpt":{"rendered":"<p>Format 30 x 40 cm.<br \/>\nTirage \u00e0 encres pigmentaires<br \/>\nsur papier Innova Innova IFA22 100% coton, 315gr,<br \/>\nqualit\u00e9 archive.<br \/>\n\u00c9dition limit\u00e9e \u00e0 50 exemplaires,<br \/>\nnum\u00e9rot\u00e9s et sign\u00e9s.<\/p>\n<p>Prix TTC.<\/p>\n<p>Remise en main propre \u00e0 Bordeaux et paiement en direct possible.<br \/>\nMe contacter par email.<\/p>\n","protected":false},"featured_media":1285,"template":"","meta":{"jetpack_post_was_ever_published":false,"jetpack_publicize_message":"","jetpack_is_tweetstorm":false,"jetpack_publicize_feature_enabled":true,"jetpack_social_post_already_shared":true,"jetpack_social_options":{"image_generator_settings":{"template":"highway","enabled":false}}},"product_cat":[48],"product_tag":[61,57,66,59,68,72,78,77],"class_list":["post-1140","product","type-product","status-publish","has-post-thumbnail","hentry","product_cat-affiches","product_tag-30x40","product_tag-affiche","product_tag-fleur","product_tag-illustration","product_tag-plants","product_tag-poster","product_tag-vegetal","product_tag-wall-art","product_shipping_class-affiches"],"jetpack_publicize_connections":[],"jetpack_sharing_enabled":true,"_links":{"self":[{"href":"http:\/\/noemiecedille.fr\/shop\/wp-json\/wp\/v2\/product\/1140"}],"collection":[{"href":"http:\/\/noemiecedille.fr\/shop\/wp-json\/wp\/v2\/product"}],"about":[{"href":"http:\/\/noemiecedille.fr\/shop\/wp-json\/wp\/v2\/types\/product"}],"wp:featuredmedia":[{"embeddable":true,"href":"http:\/\/noemiecedille.fr\/shop\/wp-json\/wp\/v2\/media\/1285"}],"wp:attachment":[{"href":"http:\/\/noemiecedille.fr\/shop\/wp-json\/wp\/v2\/media?parent=1140"}],"wp:term":[{"taxonomy":"product_cat","embeddable":true,"href":"http:\/\/noemiecedille.fr\/shop\/wp-json\/wp\/v2\/product_cat?post=1140"},{"taxonomy":"product_tag","embeddable":true,"href":"http:\/\/noemiecedille.fr\/shop\/wp-json\/wp\/v2\/product_tag?post=1140"}],"curies":[{"name":"wp","href":"https:\/\/api.w.org\/{rel}","templated":true}]}}