{"id":358,"date":"2015-08-12T12:27:19","date_gmt":"2015-08-12T12:27:19","guid":{"rendered":"http:\/\/savoy.nordicmade.com\/?page_id=358"},"modified":"2023-11-05T13:22:43","modified_gmt":"2023-11-05T12:22:43","slug":"about","status":"publish","type":"page","link":"http:\/\/noemiecedille.fr\/shop\/about\/","title":{"rendered":"\u00c0 propos"},"content":{"rendered":"\n<div class=\"wp-block-media-text has-media-on-the-right is-stacked-on-mobile\" style=\"grid-template-columns:auto 39%\"><div class=\"wp-block-media-text__content\">\n<p class=\"has-text-align-left margin-bottom:100px\" style=\"font-size:40px\">Qui suis-je?<\/p>\n\n\n\n<div style=\"height:28px\" aria-hidden=\"true\" class=\"wp-block-spacer\"><\/div>\n\n\n\n<p class=\"has-text-align-left\" style=\"font-size:20px\">\u00c0 la fois artiste, illustratrice, designer et c\u00e9ramiste, mes cr\u00e9ations s\u2019inscrivent dans un style contemporain, expressif, riche en textures et en couleurs.<\/p>\n\n\n\n<p class=\"has-text-align-left\" style=\"font-size:20px\">Tout part toujours d\u2019une rencontre entre la forme et la couleur. Pour commencer il y a des centaines de textures de peinture r\u00e9alis\u00e9s au fil des ans qui me servent de base de travail dans laquelle piocher pour cr\u00e9er mes harmonies color\u00e9es.<\/p>\n\n\n\n<p class=\"has-text-align-left\" style=\"font-size:20px\">Mes formes ondoient, se croisent, se superposent afin de devenir \u00e9vocatrices d\u2019un paysage, d\u2019un corps, d\u2019\u00e9l\u00e9ments v\u00e9g\u00e9taux et architecturaux.<\/p>\n<\/div><figure class=\"wp-block-media-text__media\"><a href=\"https:\/\/noemiecedille.fr\/shop\/wp-content\/uploads\/2023\/11\/noemie_cedille_2023.jpg\"><img loading=\"lazy\" decoding=\"async\" width=\"683\" height=\"1024\" src=\"http:\/\/noemiecedille.fr\/shop\/wp-content\/uploads\/2023\/11\/noemie_cedille_2023-683x1024.jpg\" alt=\"\" class=\"wp-image-1487 size-full\" srcset=\"http:\/\/noemiecedille.fr\/shop\/wp-content\/uploads\/2023\/11\/noemie_cedille_2023-683x1024.jpg 683w, http:\/\/noemiecedille.fr\/shop\/wp-content\/uploads\/2023\/11\/noemie_cedille_2023-200x300.jpg 200w, http:\/\/noemiecedille.fr\/shop\/wp-content\/uploads\/2023\/11\/noemie_cedille_2023-768x1152.jpg 768w, http:\/\/noemiecedille.fr\/shop\/wp-content\/uploads\/2023\/11\/noemie_cedille_2023-1024x1536.jpg 1024w, http:\/\/noemiecedille.fr\/shop\/wp-content\/uploads\/2023\/11\/noemie_cedille_2023-680x1020.jpg 680w, http:\/\/noemiecedille.fr\/shop\/wp-content\/uploads\/2023\/11\/noemie_cedille_2023-40x60.jpg 40w, http:\/\/noemiecedille.fr\/shop\/wp-content\/uploads\/2023\/11\/noemie_cedille_2023-60x90.jpg 60w, http:\/\/noemiecedille.fr\/shop\/wp-content\/uploads\/2023\/11\/noemie_cedille_2023.jpg 1200w\" sizes=\"(max-width: 683px) 100vw, 683px\" \/><\/a><\/figure><\/div>\n\n\n\n<div class=\"wp-block-media-text is-stacked-on-mobile\" style=\"grid-template-columns:33% auto\"><figure class=\"wp-block-media-text__media\"><img loading=\"lazy\" decoding=\"async\" width=\"826\" height=\"1024\" src=\"http:\/\/noemiecedille.fr\/shop\/wp-content\/uploads\/2019\/04\/affiche_arizona01_photo03-1-826x1024.jpg\" alt=\"\" class=\"wp-image-1403 size-full\" srcset=\"http:\/\/noemiecedille.fr\/shop\/wp-content\/uploads\/2019\/04\/affiche_arizona01_photo03-1-826x1024.jpg 826w, http:\/\/noemiecedille.fr\/shop\/wp-content\/uploads\/2019\/04\/affiche_arizona01_photo03-1-680x843.jpg 680w, http:\/\/noemiecedille.fr\/shop\/wp-content\/uploads\/2019\/04\/affiche_arizona01_photo03-1-242x300.jpg 242w, http:\/\/noemiecedille.fr\/shop\/wp-content\/uploads\/2019\/04\/affiche_arizona01_photo03-1-768x952.jpg 768w, http:\/\/noemiecedille.fr\/shop\/wp-content\/uploads\/2019\/04\/affiche_arizona01_photo03-1-1240x1536.jpg 1240w, http:\/\/noemiecedille.fr\/shop\/wp-content\/uploads\/2019\/04\/affiche_arizona01_photo03-1-1653x2048.jpg 1653w, http:\/\/noemiecedille.fr\/shop\/wp-content\/uploads\/2019\/04\/affiche_arizona01_photo03-1-350x434.jpg 350w, http:\/\/noemiecedille.fr\/shop\/wp-content\/uploads\/2019\/04\/affiche_arizona01_photo03-1.jpg 2000w\" sizes=\"(max-width: 826px) 100vw, 826px\" \/><\/figure><div class=\"wp-block-media-text__content\">\n<p class=\"has-text-align-left\" style=\"font-size:40px\">Le soin des d\u00e9tails<\/p>\n\n\n\n<div style=\"height:28px\" aria-hidden=\"true\" class=\"wp-block-spacer\"><\/div>\n\n\n\n<p class=\"has-text-align-left\" style=\"font-size:20px\"><span class=\"s1\">J&#8217;apporte un soin tout particulier aux d\u00e9tails : toutes mes affiches sont imprim\u00e9es sur un papier en coton, \u00e9pais, qualit\u00e9 archive avec des encres pigmentaires permettant vivacit\u00e9 et tenue des couleurs dans le temps.<\/span><\/p>\n\n\n\n<p class=\"has-text-align-left\" style=\"font-size:20px\"><span class=\"s1\">Chaque affiche est limit\u00e9e \u00e0 50 exemplaires, sign\u00e9e et num\u00e9rot\u00e9e.<\/span><\/p>\n\n\n\n<p class=\"has-text-align-left\" style=\"font-size:20px\"><span class=\"s1\">Les affiches <\/span><span style=\"font-size: revert; color: initial;\">sont envoy\u00e9es soigneusement prot\u00e9g\u00e9es et roul\u00e9es en tube de transport cartonn\u00e9.<\/span><\/p>\n\n\n\n<p style=\"font-size:20px\">Remise en main propre possible \u00e0 Bordeaux et parfois \u00e0 Paris ( me demander ).<\/p>\n\n\n\n<p class=\"has-text-align-left\" style=\"font-size:20px\"><span class=\"s1\">Pour toute commande sp\u00e9ciale ou questions :<br><a href=\"mailto:noemie.cedille@gmail.com\"><span class=\"s3\">noemie.cedille@gmail.com<\/span><\/a><\/span><\/p>\n<\/div><\/div>\n\n\n\n<div style=\"height:100px\" aria-hidden=\"true\" class=\"wp-block-spacer\"><\/div>\n\n\n\n<div class=\"wp-block-columns is-layout-flex wp-container-core-columns-is-layout-1 wp-block-columns-is-layout-flex\">\n<div class=\"wp-block-column is-vertically-aligned-bottom is-layout-flow wp-block-column-is-layout-flow\" style=\"flex-basis:100%\">\n<figure class=\"wp-block-gallery has-nested-images columns-default is-cropped wp-block-gallery-1 is-layout-flex wp-block-gallery-is-layout-flex\">\n<figure class=\"wp-block-image size-large\"><img loading=\"lazy\" decoding=\"async\" width=\"800\" height=\"991\" src=\"https:\/\/noemiecedille.fr\/shop\/wp-content\/uploads\/2023\/01\/noemie_cedille_03.jpg\" alt=\"\" class=\"wp-image-1408\" srcset=\"http:\/\/noemiecedille.fr\/shop\/wp-content\/uploads\/2023\/01\/noemie_cedille_03.jpg 800w, http:\/\/noemiecedille.fr\/shop\/wp-content\/uploads\/2023\/01\/noemie_cedille_03-680x842.jpg 680w, http:\/\/noemiecedille.fr\/shop\/wp-content\/uploads\/2023\/01\/noemie_cedille_03-242x300.jpg 242w, http:\/\/noemiecedille.fr\/shop\/wp-content\/uploads\/2023\/01\/noemie_cedille_03-768x951.jpg 768w, http:\/\/noemiecedille.fr\/shop\/wp-content\/uploads\/2023\/01\/noemie_cedille_03-350x434.jpg 350w\" sizes=\"(max-width: 800px) 100vw, 800px\" \/><\/figure>\n\n\n\n<figure class=\"wp-block-image size-full\"><img loading=\"lazy\" decoding=\"async\" width=\"800\" height=\"991\" src=\"http:\/\/noemiecedille.fr\/shop\/wp-content\/uploads\/2023\/01\/noemie_cedille_01.jpg\" alt=\"\" class=\"wp-image-1406\" srcset=\"http:\/\/noemiecedille.fr\/shop\/wp-content\/uploads\/2023\/01\/noemie_cedille_01.jpg 800w, http:\/\/noemiecedille.fr\/shop\/wp-content\/uploads\/2023\/01\/noemie_cedille_01-680x842.jpg 680w, http:\/\/noemiecedille.fr\/shop\/wp-content\/uploads\/2023\/01\/noemie_cedille_01-242x300.jpg 242w, http:\/\/noemiecedille.fr\/shop\/wp-content\/uploads\/2023\/01\/noemie_cedille_01-768x951.jpg 768w, http:\/\/noemiecedille.fr\/shop\/wp-content\/uploads\/2023\/01\/noemie_cedille_01-350x434.jpg 350w\" sizes=\"(max-width: 800px) 100vw, 800px\" \/><\/figure>\n\n\n\n<figure class=\"wp-block-image size-large\"><img loading=\"lazy\" decoding=\"async\" width=\"800\" height=\"991\" src=\"https:\/\/noemiecedille.fr\/shop\/wp-content\/uploads\/2023\/01\/noemie_cedille_02.jpg\" alt=\"\" class=\"wp-image-1407\" srcset=\"http:\/\/noemiecedille.fr\/shop\/wp-content\/uploads\/2023\/01\/noemie_cedille_02.jpg 800w, http:\/\/noemiecedille.fr\/shop\/wp-content\/uploads\/2023\/01\/noemie_cedille_02-680x842.jpg 680w, http:\/\/noemiecedille.fr\/shop\/wp-content\/uploads\/2023\/01\/noemie_cedille_02-242x300.jpg 242w, http:\/\/noemiecedille.fr\/shop\/wp-content\/uploads\/2023\/01\/noemie_cedille_02-768x951.jpg 768w, http:\/\/noemiecedille.fr\/shop\/wp-content\/uploads\/2023\/01\/noemie_cedille_02-350x434.jpg 350w\" sizes=\"(max-width: 800px) 100vw, 800px\" \/><\/figure>\n<\/figure>\n<\/div>\n<\/div>\n\n\n\n<h3 class=\"wp-block-heading has-text-align-left\"><\/h3>\n","protected":false},"excerpt":{"rendered":"","protected":false},"author":1,"featured_media":0,"parent":0,"menu_order":0,"comment_status":"closed","ping_status":"closed","template":"","meta":{"jetpack_post_was_ever_published":false,"footnotes":""},"class_list":["post-358","page","type-page","status-publish","hentry"],"jetpack_sharing_enabled":true,"jetpack_shortlink":"https:\/\/wp.me\/PaTRkV-5M","_links":{"self":[{"href":"http:\/\/noemiecedille.fr\/shop\/wp-json\/wp\/v2\/pages\/358"}],"collection":[{"href":"http:\/\/noemiecedille.fr\/shop\/wp-json\/wp\/v2\/pages"}],"about":[{"href":"http:\/\/noemiecedille.fr\/shop\/wp-json\/wp\/v2\/types\/page"}],"author":[{"embeddable":true,"href":"http:\/\/noemiecedille.fr\/shop\/wp-json\/wp\/v2\/users\/1"}],"replies":[{"embeddable":true,"href":"http:\/\/noemiecedille.fr\/shop\/wp-json\/wp\/v2\/comments?post=358"}],"version-history":[{"count":34,"href":"http:\/\/noemiecedille.fr\/shop\/wp-json\/wp\/v2\/pages\/358\/revisions"}],"predecessor-version":[{"id":1498,"href":"http:\/\/noemiecedille.fr\/shop\/wp-json\/wp\/v2\/pages\/358\/revisions\/1498"}],"wp:attachment":[{"href":"http:\/\/noemiecedille.fr\/shop\/wp-json\/wp\/v2\/media?parent=358"}],"curies":[{"name":"wp","href":"https:\/\/api.w.org\/{rel}","templated":true}]}}