{"id":6452,"date":"2015-10-31T20:25:03","date_gmt":"2015-10-31T19:25:03","guid":{"rendered":"http:\/\/noemiecedille.fr\/blog\/?page_id=6452"},"modified":"2018-02-05T15:54:40","modified_gmt":"2018-02-05T14:54:40","slug":"apropos","status":"publish","type":"page","link":"http:\/\/noemiecedille.fr\/blog\/apropos\/","title":{"rendered":"\u00e0 propos"},"content":{"rendered":"<p>&nbsp;<\/p>\n<p><img decoding=\"async\" loading=\"lazy\" class=\"alignnone size-full wp-image-9547\" src=\"http:\/\/noemiecedille.fr\/blog\/wp-content\/uploads\/2017\/08\/IMG_8664.jpg\" alt=\"\" width=\"1814\" height=\"1210\" srcset=\"http:\/\/noemiecedille.fr\/blog\/wp-content\/uploads\/2017\/08\/IMG_8664.jpg 1814w, http:\/\/noemiecedille.fr\/blog\/wp-content\/uploads\/2017\/08\/IMG_8664-943x629.jpg 943w, http:\/\/noemiecedille.fr\/blog\/wp-content\/uploads\/2017\/08\/IMG_8664-300x200.jpg 300w, http:\/\/noemiecedille.fr\/blog\/wp-content\/uploads\/2017\/08\/IMG_8664-768x512.jpg 768w, http:\/\/noemiecedille.fr\/blog\/wp-content\/uploads\/2017\/08\/IMG_8664-1024x683.jpg 1024w\" sizes=\"auto, (max-width: 1814px) 100vw, 1814px\" \/><noscript><img decoding=\"async\" class=\"alignnone size-full wp-image-9547\" src=\"http:\/\/noemiecedille.fr\/blog\/wp-content\/uploads\/2017\/08\/IMG_8664.jpg\" alt=\"\" width=\"1814\" height=\"1210\" srcset=\"http:\/\/noemiecedille.fr\/blog\/wp-content\/uploads\/2017\/08\/IMG_8664.jpg 1814w, http:\/\/noemiecedille.fr\/blog\/wp-content\/uploads\/2017\/08\/IMG_8664-943x629.jpg 943w, http:\/\/noemiecedille.fr\/blog\/wp-content\/uploads\/2017\/08\/IMG_8664-300x200.jpg 300w, http:\/\/noemiecedille.fr\/blog\/wp-content\/uploads\/2017\/08\/IMG_8664-768x512.jpg 768w, http:\/\/noemiecedille.fr\/blog\/wp-content\/uploads\/2017\/08\/IMG_8664-1024x683.jpg 1024w\" sizes=\"(max-width: 1814px) 100vw, 1814px\" \/><\/noscript><\/p>\n<p><a style=\"color: #0000ff; text-decoration: underline;\" href=\"http:\/\/noemiecedille.fr\/\" target=\"_blank\" rel=\"noopener\">Graphiste et illustratrice<\/a> ind\u00e9pendante bas\u00e9e \u00e0 Paris. Je suis une cr\u00e9ative touche \u00e0 tout qui r\u00e9alise des projets d&rsquo;identit\u00e9 visuelle, d&rsquo;\u00e9dition et de web, mais aussi d&rsquo;illustration, de motif et de c\u00e9ramique.<\/p>\n<p>J&rsquo;ai cr\u00e9\u00e9 en 2013 avec mon amie D\u00e9borah Pham, le\u00a0<span style=\"text-decoration: underline;\"><span style=\"color: #0000ff;\"><a style=\"color: #0000ff; text-decoration: underline;\" href=\"http:\/\/magazine-mint.fr\/blog\/\" target=\"_blank\" rel=\"noopener\">Magazine Mint<\/a><\/span><\/span>, un bel objet papier \u00ab\u00a0food and travel\u00a0\u00bb que nous nous effor\u00e7ons depuis de faire grandir et dont je m&rsquo;occupe de la direction artistique.<\/p>\n<p>Ce blog est un espace hybride o\u00f9 je partage mon quotidien parisien, mes voyages, mes inspirations, mes coups de coeurs culturels et artistiques, mes interrogations personnelles et mon travail de designer&#8230;\u00a0Cet espace existe depuis 2003.<\/p>\n<p>&nbsp;<\/p>\n<h1><em>Collaborations<br \/>\n<\/em><\/h1>\n<p>Il m&rsquo;arrive de collaborer avec certaines marques pour mon blog ou mon compte\u00a0<a href=\"https:\/\/www.instagram.com\/cedillee\/\" target=\"_blank\" rel=\"noopener\">instagram<\/a>\u00a0lorsque celles-ci me plaisent et correspondent \u00e0 mes go\u00fbts et \u00e0 mon style de vie.<\/p>\n<p>Ce fut le cas de : <span style=\"color: #0000ff;\"><a style=\"color: #0000ff;\" href=\"http:\/\/noemiecedille.fr\/blog\/2016\/08\/24\/noemie-cedille-x-urban-outfitters-2\/\">Urban Outfitters<\/a><\/span>, <span style=\"color: #0000ff;\"><a style=\"color: #0000ff;\" href=\"http:\/\/noemiecedille.fr\/blog\/2016\/11\/22\/nantes\/\">Airbnb<\/a><\/span>, Exp\u00e9riences Airbnb ( <span style=\"color: #0000ff;\"><a style=\"color: #0000ff;\" href=\"http:\/\/noemiecedille.fr\/blog\/2017\/12\/10\/amsterdam-le-centre-et-le-nord\/\" target=\"_blank\" rel=\"noopener\">1<\/a><\/span> &#8211; <span style=\"color: #0000ff;\"><a style=\"color: #0000ff;\" href=\"http:\/\/noemiecedille.fr\/blog\/2017\/11\/11\/experience-airbnb-arty-le-marais\/\" target=\"_blank\" rel=\"noopener\">2<\/a> <\/span>),\u00a0<span style=\"color: #0000ff;\"><a style=\"color: #0000ff;\" href=\"http:\/\/noemiecedille.fr\/blog\/2016\/11\/30\/nuances-de-gris\/\">Calligaris<\/a><\/span>, Sukhi, Lexon&#8230;<\/p>\n","protected":false},"excerpt":{"rendered":"<p>&nbsp; Graphiste et illustratrice ind\u00e9pendante bas\u00e9e \u00e0 Paris. Je suis une cr\u00e9ative touche \u00e0 tout qui r\u00e9alise des projets d&rsquo;identit\u00e9 visuelle, d&rsquo;\u00e9dition et de web, mais aussi d&rsquo;illustration, de motif et de c\u00e9ramique. J&rsquo;ai cr\u00e9\u00e9 en 2013 avec mon amie D\u00e9borah Pham, le\u00a0Magazine Mint, un bel objet papier \u00ab\u00a0food and travel\u00a0\u00bb que nous nous effor\u00e7ons depuis de faire grandir et dont je m&rsquo;occupe de la direction artistique. Ce blog est un espace hybride o\u00f9 je partage mon quotidien parisien, mes [&hellip;]<\/p>\n","protected":false},"author":1,"featured_media":0,"parent":0,"menu_order":0,"comment_status":"closed","ping_status":"closed","template":"","meta":{"_mi_skip_tracking":false,"_monsterinsights_sitenote_active":false,"_monsterinsights_sitenote_note":"","_monsterinsights_sitenote_category":0,"jetpack_post_was_ever_published":false,"footnotes":""},"class_list":["post-6452","page","type-page","status-publish","hentry"],"jetpack_sharing_enabled":true,"jetpack_shortlink":"https:\/\/wp.me\/P9LEs0-1G4","_links":{"self":[{"href":"http:\/\/noemiecedille.fr\/blog\/wp-json\/wp\/v2\/pages\/6452","targetHints":{"allow":["GET"]}}],"collection":[{"href":"http:\/\/noemiecedille.fr\/blog\/wp-json\/wp\/v2\/pages"}],"about":[{"href":"http:\/\/noemiecedille.fr\/blog\/wp-json\/wp\/v2\/types\/page"}],"author":[{"embeddable":true,"href":"http:\/\/noemiecedille.fr\/blog\/wp-json\/wp\/v2\/users\/1"}],"replies":[{"embeddable":true,"href":"http:\/\/noemiecedille.fr\/blog\/wp-json\/wp\/v2\/comments?post=6452"}],"version-history":[{"count":15,"href":"http:\/\/noemiecedille.fr\/blog\/wp-json\/wp\/v2\/pages\/6452\/revisions"}],"predecessor-version":[{"id":11236,"href":"http:\/\/noemiecedille.fr\/blog\/wp-json\/wp\/v2\/pages\/6452\/revisions\/11236"}],"wp:attachment":[{"href":"http:\/\/noemiecedille.fr\/blog\/wp-json\/wp\/v2\/media?parent=6452"}],"curies":[{"name":"wp","href":"https:\/\/api.w.org\/{rel}","templated":true}]}}